{"id":19,"date":"2017-10-30T19:46:36","date_gmt":"2017-10-30T19:46:36","guid":{"rendered":"https:\/\/djfreeway.com.br\/site\/?page_id=19"},"modified":"2017-11-30T16:18:24","modified_gmt":"2017-11-30T16:18:24","slug":"release","status":"publish","type":"page","link":"https:\/\/djfreeway.com.br\/site\/release\/","title":{"rendered":"Release"},"content":{"rendered":"<div id=\"pl-19\"  class=\"panel-layout\" ><div id=\"pg-19-0\"  class=\"panel-grid panel-no-style\" ><div id=\"pgc-19-0-0\"  class=\"panel-grid-cell\" ><div id=\"panel-19-0-0-0\" class=\"so-panel widget widget_sow-editor panel-first-child panel-last-child\" data-index=\"0\" ><div\n\t\t\t\n\t\t\tclass=\"so-widget-sow-editor so-widget-sow-editor-base\"\n\t\t\t\n\t\t>\n<div class=\"siteorigin-widget-tinymce textwidget\">\n\t<blockquote>\n<h2>Toda anima\u00e7\u00e3o fica por conta do Dj Freeway.<\/h2>\n<\/blockquote>\n<p>De rock a sertanejo o DJ Freeway agrada todos os p\u00fablicos. Com o seu vasto repert\u00f3rio, sempre atualizado com as novidades do mundo musical, ele \u00e9 a \u201cbola da vez\u201d quando o assunto for m\u00fasica de qualidade. <\/p>\n<p>Com mais de 20 anos de mercado, Freeway marcou v\u00e1rios gera\u00e7\u00f5es e momentos importantes na vida de muitas pessoas. <\/p>\n<p>Conte com o DJ Freeway para ter um espet\u00e1culo \u00e0 parte em sua festa ou evento. Entre nessa melodia!<\/p>\n<\/div>\n<\/div><\/div><\/div><div id=\"pgc-19-0-1\"  class=\"panel-grid-cell\" ><div id=\"panel-19-0-1-0\" class=\"so-panel widget widget_sow-image panel-first-child panel-last-child\" data-index=\"1\" ><div\n\t\t\t\n\t\t\tclass=\"so-widget-sow-image so-widget-sow-image-default-8b5b6f678277-19\"\n\t\t\t\n\t\t>\n\n<div class=\"sow-image-container\">\n\t\t<img src=\"https:\/\/i0.wp.com\/djfreeway.com.br\/site\/wp-content\/uploads\/2017\/11\/freeway-1.jpg?fit=600%2C471&amp;ssl=1\" width=\"600\" height=\"471\" srcset=\"https:\/\/i0.wp.com\/djfreeway.com.br\/site\/wp-content\/uploads\/2017\/11\/freeway-1.jpg?w=600&amp;ssl=1 600w, https:\/\/i0.wp.com\/djfreeway.com.br\/site\/wp-content\/uploads\/2017\/11\/freeway-1.jpg?resize=300%2C236&amp;ssl=1 300w\" title=\"freeway\" alt=\"\" loading=\"lazy\" \t\tclass=\"so-widget-image\"\/>\n\t<\/div>\n\n<\/div><\/div><\/div><\/div><div id=\"pg-19-1\"  class=\"panel-grid panel-no-style\" ><div id=\"pgc-19-1-0\"  class=\"panel-grid-cell\" ><div id=\"panel-19-1-0-0\" class=\"so-panel widget widget_sow-editor panel-first-child panel-last-child\" data-index=\"2\" ><div\n\t\t\t\n\t\t\tclass=\"so-widget-sow-editor so-widget-sow-editor-base\"\n\t\t\t\n\t\t>\n<div class=\"siteorigin-widget-tinymce textwidget\">\n\t<hr \/>\n<\/div>\n<\/div><\/div><\/div><\/div><div id=\"pg-19-2\"  class=\"panel-grid panel-no-style\" ><div id=\"pgc-19-2-0\"  class=\"panel-grid-cell\" ><div id=\"panel-19-2-0-0\" class=\"so-panel widget widget_sow-image panel-first-child\" data-index=\"3\" ><div\n\t\t\t\n\t\t\tclass=\"so-widget-sow-image so-widget-sow-image-default-8b5b6f678277-19\"\n\t\t\t\n\t\t>\n\n<div class=\"sow-image-container\">\n\t\t<img src=\"https:\/\/i0.wp.com\/djfreeway.com.br\/site\/wp-content\/uploads\/2017\/11\/DSC02937.jpg?fit=800%2C600&amp;ssl=1\" width=\"800\" height=\"600\" srcset=\"https:\/\/i0.wp.com\/djfreeway.com.br\/site\/wp-content\/uploads\/2017\/11\/DSC02937.jpg?w=800&amp;ssl=1 800w, https:\/\/i0.wp.com\/djfreeway.com.br\/site\/wp-content\/uploads\/2017\/11\/DSC02937.jpg?resize=300%2C225&amp;ssl=1 300w, https:\/\/i0.wp.com\/djfreeway.com.br\/site\/wp-content\/uploads\/2017\/11\/DSC02937.jpg?resize=768%2C576&amp;ssl=1 768w\" alt=\"\" loading=\"lazy\" \t\tclass=\"so-widget-image\"\/>\n\t<\/div>\n\n<\/div><\/div><div id=\"panel-19-2-0-1\" class=\"so-panel widget widget_sow-editor panel-last-child\" data-index=\"4\" ><div\n\t\t\t\n\t\t\tclass=\"so-widget-sow-editor so-widget-sow-editor-base\"\n\t\t\t\n\t\t>\n<div class=\"siteorigin-widget-tinymce textwidget\">\n\t<blockquote>\n<h3>Curiosidades para Limeira e regi\u00e3o<\/h3>\n<\/blockquote>\n<p>- Primeiro a introduzir as tecnologias dos formatos CD, mp3 e DVD em substitui\u00e7\u00e3o ao vinyl nos anos 90;<br \/>\n- Primeiro DJ a utilizar notebook para clipes musicais durante apresenta\u00e7\u00f5es em Limeira: Tecnologia de mixagem \"clip to clip\";<br \/>\n- Ministrou o primeiro curso para DJ no SENAC Limeira;<br \/>\n- Primeiro Dj Corporativo a levar a discotecagem para outros ambientes que n\u00e3o as discotecas nos anos 90 !!!;<br \/>\n- Precursor da discotecagem corporativa.<\/p>\n<\/div>\n<\/div><\/div><\/div><div id=\"pgc-19-2-1\"  class=\"panel-grid-cell\" ><div id=\"panel-19-2-1-0\" class=\"so-panel widget widget_sow-image panel-first-child\" data-index=\"5\" ><div\n\t\t\t\n\t\t\tclass=\"so-widget-sow-image so-widget-sow-image-default-8b5b6f678277-19\"\n\t\t\t\n\t\t>\n\n<div class=\"sow-image-container\">\n\t\t<img src=\"https:\/\/i0.wp.com\/djfreeway.com.br\/site\/wp-content\/uploads\/2017\/11\/freeway2.jpg?fit=700%2C525&amp;ssl=1\" width=\"700\" height=\"525\" srcset=\"https:\/\/i0.wp.com\/djfreeway.com.br\/site\/wp-content\/uploads\/2017\/11\/freeway2.jpg?w=700&amp;ssl=1 700w, https:\/\/i0.wp.com\/djfreeway.com.br\/site\/wp-content\/uploads\/2017\/11\/freeway2.jpg?resize=300%2C225&amp;ssl=1 300w\" alt=\"\" loading=\"lazy\" \t\tclass=\"so-widget-image\"\/>\n\t<\/div>\n\n<\/div><\/div><div id=\"panel-19-2-1-1\" class=\"so-panel widget widget_sow-editor panel-last-child\" data-index=\"6\" ><div\n\t\t\t\n\t\t\tclass=\"so-widget-sow-editor so-widget-sow-editor-base\"\n\t\t\t\n\t\t>\n<div class=\"siteorigin-widget-tinymce textwidget\">\n\t<blockquote>\n<h3>Forma\u00e7\u00e3o<\/h3>\n<\/blockquote>\n<p>- T\u00e9cnico em Eletr\u00f4nica (n\u00edvel m\u00e9dio) e Administrador de Empresas (superior);<br \/>\n- Baterista: participou de festivais de m\u00fasica pela regi\u00e3o de Limeira SP;<br \/>\n- \"Promoter\" de eventos (com v\u00e1rios pr\u00eamios) e \"Iluminador c\u00eanico\"no \"Weekend Club\" em Limeira at\u00e9 1996;<br \/>\n- DJ no \"Weekend Club\", e \"Mr Dandy\" em Piracicaba a partir de 1997;<br \/>\n- In\u00edcio das festas para o p\u00fablico jovem atrav\u00e9s das Domingueiras em 1997;<br \/>\n- DJ Residente do \"Weekend Club\" entre os anos 1998 e 2000;<br \/>\n- Apresenta\u00e7\u00f5es na Discoteca La Chouette Nosso Clube Limeira entre 1999 e 2008;<br \/>\n- In\u00edcio das apresenta\u00e7\u00f5es nas discotecas Pale Bier e La Gran Boite Gran S\u00e3o Jo\u00e3o, no ano 2000 em Limeira SP;<br \/>\n- A partir de 2008, paralelamente \u00e0s apresenta\u00e7\u00f5es nas casas: Pale Bier, La Gran Boite e La Chouette leva a arte da discotecagem para ambientes corporativos: Desfiles em lojas, festas em restaurantes, eventos em shopping centers, sal\u00f5es de beleza e pizzarias. Assim define-se o in\u00edcio da empresa DJ Freeway - Discotecagem, Sonoriza\u00e7\u00e3o e Ilumina\u00e7\u00e3o em eventos.<br \/>\n- Destaque para confraterniza\u00e7\u00f5es em empresas, anivers\u00e1rios, recep\u00e7\u00f5es religiosas e festas de casamento promovidas em sal\u00f5es dos grandes buffets de Limeira e regi\u00e3o;<br \/>\n- Festas em resid\u00eancias e sal\u00f5es de condom\u00ednios fechados tamb\u00e9m marcam as atividades da empresa de discotecagem DJ Freeway.<\/p>\n<\/div>\n<\/div><\/div><\/div><\/div><div id=\"pg-19-3\"  class=\"panel-grid panel-no-style\" ><div id=\"pgc-19-3-0\"  class=\"panel-grid-cell\" ><div id=\"panel-19-3-0-0\" class=\"so-panel widget widget_sow-editor panel-first-child panel-last-child\" data-index=\"7\" ><div\n\t\t\t\n\t\t\tclass=\"so-widget-sow-editor so-widget-sow-editor-base\"\n\t\t\t\n\t\t>\n<div class=\"siteorigin-widget-tinymce textwidget\">\n\t<hr \/>\n<\/div>\n<\/div><\/div><\/div><\/div><div id=\"pg-19-4\"  class=\"panel-grid panel-no-style\" ><div id=\"pgc-19-4-0\"  class=\"panel-grid-cell\" ><div id=\"panel-19-4-0-0\" class=\"so-panel widget widget_sow-image panel-first-child panel-last-child\" data-index=\"8\" ><div\n\t\t\t\n\t\t\tclass=\"so-widget-sow-image so-widget-sow-image-default-8b5b6f678277-19\"\n\t\t\t\n\t\t>\n\n<div class=\"sow-image-container\">\n\t\t<img src=\"https:\/\/i0.wp.com\/djfreeway.com.br\/site\/wp-content\/uploads\/2017\/11\/free.jpg?fit=600%2C853&amp;ssl=1\" width=\"600\" height=\"853\" srcset=\"https:\/\/i0.wp.com\/djfreeway.com.br\/site\/wp-content\/uploads\/2017\/11\/free.jpg?w=600&amp;ssl=1 600w, https:\/\/i0.wp.com\/djfreeway.com.br\/site\/wp-content\/uploads\/2017\/11\/free.jpg?resize=211%2C300&amp;ssl=1 211w\" alt=\"\" loading=\"lazy\" \t\tclass=\"so-widget-image\"\/>\n\t<\/div>\n\n<\/div><\/div><\/div><div id=\"pgc-19-4-1\"  class=\"panel-grid-cell\" ><div id=\"panel-19-4-1-0\" class=\"so-panel widget widget_sow-editor panel-first-child\" data-index=\"9\" ><div\n\t\t\t\n\t\t\tclass=\"so-widget-sow-editor so-widget-sow-editor-base\"\n\t\t\t\n\t\t>\n<div class=\"siteorigin-widget-tinymce textwidget\">\n\t<blockquote>\n<h3>Diferenciais<\/h3>\n<\/blockquote>\n<p>- Habilidade desenvolvida ao longo da carreira, respeita o p\u00fablico de cada evento identificando os estilos musicais que melhor agradam a plateia mantendo empolga\u00e7\u00e3o, alegria e anima\u00e7\u00e3o na pista de dan\u00e7a;<br \/>\n- O \"playlist\" se caracteriza pelo ecletismo de ritmos numa s\u00f3 noite: house, deep house, pop, flash back, etc.;<\/p>\n<\/div>\n<\/div><\/div><div id=\"panel-19-4-1-1\" class=\"so-panel widget widget_sow-editor panel-last-child\" data-index=\"10\" ><div\n\t\t\t\n\t\t\tclass=\"so-widget-sow-editor so-widget-sow-editor-base\"\n\t\t\t\n\t\t>\n<div class=\"siteorigin-widget-tinymce textwidget\">\n\t<blockquote>\n<h3>Destaques<\/h3>\n<\/blockquote>\n<p>- Abertura do show do Dj Marlboro em 2010;<br \/>\n- Abertura do show da Banda Tchakabum em 2013;<br \/>\n- Abertura do show do Roupa Nova em Barra Bonita em 2015;<br \/>\n- Abertura do show de Michel Tel\u00f3 em 2016;<br \/>\n- Apresenta\u00e7\u00f5es em Orlando, Florida, Estados Unidos - BB King's Blues Club  em 2016;<br \/>\n- Apresenta\u00e7\u00e3o no clube Se\u00f1or Frogs - Orlando, Fl. em 2017.<\/p>\n<\/div>\n<\/div><\/div><\/div><\/div><\/div>","protected":false},"excerpt":{"rendered":"<p>Toda anima\u00e7\u00e3o fica por conta do Dj Freeway. De rock a sertanejo o DJ Freeway agrada todos os p\u00fablicos. Com o seu vasto repert\u00f3rio, sempre atualizado com as novidades do mundo musical, ele \u00e9 a \u201cbola da vez\u201d quando o assunto for m\u00fasica de qualidade. Com mais de 20 anos de mercado, Freeway marcou v\u00e1rios [&hellip;]<\/p>\n","protected":false},"author":1,"featured_media":0,"parent":0,"menu_order":0,"comment_status":"closed","ping_status":"closed","template":"","meta":{"_mi_skip_tracking":false,"_exactmetrics_sitenote_active":false,"_exactmetrics_sitenote_note":"","_exactmetrics_sitenote_category":0,"ngg_post_thumbnail":0,"jetpack_post_was_ever_published":false},"jetpack_sharing_enabled":true,"jetpack_shortlink":"https:\/\/wp.me\/P9o2yc-j","jetpack_likes_enabled":true,"jetpack-related-posts":[],"_links":{"self":[{"href":"https:\/\/djfreeway.com.br\/site\/wp-json\/wp\/v2\/pages\/19"}],"collection":[{"href":"https:\/\/djfreeway.com.br\/site\/wp-json\/wp\/v2\/pages"}],"about":[{"href":"https:\/\/djfreeway.com.br\/site\/wp-json\/wp\/v2\/types\/page"}],"author":[{"embeddable":true,"href":"https:\/\/djfreeway.com.br\/site\/wp-json\/wp\/v2\/users\/1"}],"replies":[{"embeddable":true,"href":"https:\/\/djfreeway.com.br\/site\/wp-json\/wp\/v2\/comments?post=19"}],"version-history":[{"count":48,"href":"https:\/\/djfreeway.com.br\/site\/wp-json\/wp\/v2\/pages\/19\/revisions"}],"predecessor-version":[{"id":2094,"href":"https:\/\/djfreeway.com.br\/site\/wp-json\/wp\/v2\/pages\/19\/revisions\/2094"}],"wp:attachment":[{"href":"https:\/\/djfreeway.com.br\/site\/wp-json\/wp\/v2\/media?parent=19"}],"curies":[{"name":"wp","href":"https:\/\/api.w.org\/{rel}","templated":true}]}}