{"id":234,"date":"2017-11-21T10:31:54","date_gmt":"2017-11-21T10:31:54","guid":{"rendered":"https:\/\/djfreeway.com.br\/site\/?page_id=234"},"modified":"2019-07-10T00:24:42","modified_gmt":"2019-07-10T00:24:42","slug":"freeway-team","status":"publish","type":"page","link":"https:\/\/djfreeway.com.br\/site\/freeway-team\/","title":{"rendered":"Freeway Team"},"content":{"rendered":"<div id=\"pl-234\"  class=\"panel-layout\" ><div id=\"pg-234-0\"  class=\"panel-grid panel-no-style\" ><div id=\"pgc-234-0-0\"  class=\"panel-grid-cell\" ><div id=\"panel-234-0-0-0\" class=\"so-panel widget widget_sow-editor panel-first-child panel-last-child\" data-index=\"0\" ><div\n\t\t\t\n\t\t\tclass=\"so-widget-sow-editor so-widget-sow-editor-base\"\n\t\t\t\n\t\t>\n<div class=\"siteorigin-widget-tinymce textwidget\">\n\t<p>Colaboradores de diversos perfis profissionais comp\u00f5em o time que faz de seu festa um grande evento.<\/p>\n<p><strong>Conhe\u00e7a o \"DJ Freeway Team\"<\/strong><\/p>\n<\/div>\n<\/div><\/div><\/div><\/div><div id=\"pg-234-1\"  class=\"panel-grid panel-no-style\" ><div id=\"pgc-234-1-0\"  class=\"panel-grid-cell\" ><div id=\"panel-234-1-0-0\" class=\"so-panel widget widget_sow-image panel-first-child\" data-index=\"1\" ><div\n\t\t\t\n\t\t\tclass=\"so-widget-sow-image so-widget-sow-image-default-8b5b6f678277-234\"\n\t\t\t\n\t\t>\n\n<div class=\"sow-image-container\">\n\t\t<img src=\"https:\/\/i0.wp.com\/djfreeway.com.br\/site\/wp-content\/uploads\/2017\/11\/edson.png?fit=290%2C290&amp;ssl=1\" width=\"290\" height=\"290\" srcset=\"https:\/\/i0.wp.com\/djfreeway.com.br\/site\/wp-content\/uploads\/2017\/11\/edson.png?w=290&amp;ssl=1 290w, https:\/\/i0.wp.com\/djfreeway.com.br\/site\/wp-content\/uploads\/2017\/11\/edson.png?resize=150%2C150&amp;ssl=1 150w\" alt=\"\" loading=\"lazy\" \t\tclass=\"so-widget-image\"\/>\n\t<\/div>\n\n<\/div><\/div><div id=\"panel-234-1-0-1\" class=\"so-panel widget widget_sow-editor panel-last-child\" data-index=\"2\" ><div\n\t\t\t\n\t\t\tclass=\"so-widget-sow-editor so-widget-sow-editor-base\"\n\t\t\t\n\t\t>\n<div class=\"siteorigin-widget-tinymce textwidget\">\n\t<h3>DJ Edson Carvalho<\/h3>\n<p>Arte finalista respons\u00e1vel pelo design gr\u00e1fico dos \"e-flyers\" (folhetos eletr\u00f4nicos em redes sociais e todo material de divulga\u00e7\u00e3o impresso para os eventos corporativos DJ Freeway). DJ assistente com performances, em parceria com o DJ Freeway, ao vivo nas festas ou eventos e prestador de servi\u00e7os t\u00e9cnicos nas montagens e desmontagens de equipamentos de Discotecagem, Sonoriza\u00e7\u00e3o e Ilumina\u00e7\u00e3o.<\/p>\n<\/div>\n<\/div><\/div><\/div><div id=\"pgc-234-1-1\"  class=\"panel-grid-cell\" ><div id=\"panel-234-1-1-0\" class=\"so-panel widget widget_sow-image panel-first-child\" data-index=\"3\" ><div\n\t\t\t\n\t\t\tclass=\"so-widget-sow-image so-widget-sow-image-default-8b5b6f678277-234\"\n\t\t\t\n\t\t>\n\n<div class=\"sow-image-container\">\n\t\t<img src=\"https:\/\/i0.wp.com\/djfreeway.com.br\/site\/wp-content\/uploads\/2017\/11\/marcelo.png?fit=273%2C273&amp;ssl=1\" width=\"273\" height=\"273\" srcset=\"https:\/\/i0.wp.com\/djfreeway.com.br\/site\/wp-content\/uploads\/2017\/11\/marcelo.png?w=273&amp;ssl=1 273w, https:\/\/i0.wp.com\/djfreeway.com.br\/site\/wp-content\/uploads\/2017\/11\/marcelo.png?resize=150%2C150&amp;ssl=1 150w\" alt=\"\" loading=\"lazy\" \t\tclass=\"so-widget-image\"\/>\n\t<\/div>\n\n<\/div><\/div><div id=\"panel-234-1-1-1\" class=\"so-panel widget widget_sow-editor panel-last-child\" data-index=\"4\" ><div\n\t\t\t\n\t\t\tclass=\"so-widget-sow-editor so-widget-sow-editor-base\"\n\t\t\t\n\t\t>\n<div class=\"siteorigin-widget-tinymce textwidget\">\n\t<h3>DJ Marcelo Pejon<\/h3>\n<p>DJ assistente e m\u00fasico com performances individuais e ao vivo nas festas e eventos DJ Freeway. Prestador de servi\u00e7os t\u00e9cnicos nas montagens e desmontagens de equipamentos de Discotecagem, Sonoriza\u00e7\u00e3o e Ilumina\u00e7\u00e3o.<\/p>\n<\/div>\n<\/div><\/div><\/div><div id=\"pgc-234-1-2\"  class=\"panel-grid-cell\" ><div id=\"panel-234-1-2-0\" class=\"so-panel widget widget_sow-image panel-first-child\" data-index=\"5\" ><div\n\t\t\t\n\t\t\tclass=\"so-widget-sow-image so-widget-sow-image-default-8b5b6f678277-234\"\n\t\t\t\n\t\t>\n\n<div class=\"sow-image-container\">\n\t\t<img src=\"https:\/\/i0.wp.com\/djfreeway.com.br\/site\/wp-content\/uploads\/2017\/11\/marcio.jpg?fit=960%2C960&amp;ssl=1\" width=\"960\" height=\"960\" srcset=\"https:\/\/i0.wp.com\/djfreeway.com.br\/site\/wp-content\/uploads\/2017\/11\/marcio.jpg?w=960&amp;ssl=1 960w, https:\/\/i0.wp.com\/djfreeway.com.br\/site\/wp-content\/uploads\/2017\/11\/marcio.jpg?resize=150%2C150&amp;ssl=1 150w, https:\/\/i0.wp.com\/djfreeway.com.br\/site\/wp-content\/uploads\/2017\/11\/marcio.jpg?resize=300%2C300&amp;ssl=1 300w, https:\/\/i0.wp.com\/djfreeway.com.br\/site\/wp-content\/uploads\/2017\/11\/marcio.jpg?resize=768%2C768&amp;ssl=1 768w, https:\/\/i0.wp.com\/djfreeway.com.br\/site\/wp-content\/uploads\/2017\/11\/marcio.jpg?resize=800%2C800&amp;ssl=1 800w\" alt=\"\" loading=\"lazy\" \t\tclass=\"so-widget-image\"\/>\n\t<\/div>\n\n<\/div><\/div><div id=\"panel-234-1-2-1\" class=\"so-panel widget widget_sow-editor panel-last-child\" data-index=\"6\" ><div\n\t\t\t\n\t\t\tclass=\"so-widget-sow-editor so-widget-sow-editor-base\"\n\t\t\t\n\t\t>\n<div class=\"siteorigin-widget-tinymce textwidget\">\n\t<h3>M\u00e1rcio Faber<\/h3>\n<p>Respons\u00e1vel t\u00e9cnico, administrativo e marketing. Suporte t\u00e9cnico nas montagens e desmontagens dos equipamentos de Discotecagem, Sonoriza\u00e7\u00e3o e Ilumina\u00e7\u00e3o para eventos gerais DJ Freeway.<\/p>\n<\/div>\n<\/div><\/div><\/div><\/div><div id=\"pg-234-2\"  class=\"panel-grid panel-no-style\" ><div id=\"pgc-234-2-0\"  class=\"panel-grid-cell\" ><div id=\"panel-234-2-0-0\" class=\"so-panel widget widget_sow-editor panel-first-child panel-last-child\" data-index=\"7\" ><div\n\t\t\t\n\t\t\tclass=\"so-widget-sow-editor so-widget-sow-editor-base\"\n\t\t\t\n\t\t>\n<div class=\"siteorigin-widget-tinymce textwidget\">\n\t<hr \/>\n<\/div>\n<\/div><\/div><\/div><\/div><div id=\"pg-234-3\"  class=\"panel-grid panel-no-style\" ><div id=\"pgc-234-3-0\"  class=\"panel-grid-cell\" ><div id=\"panel-234-3-0-0\" class=\"so-panel widget widget_sow-editor panel-first-child panel-last-child\" data-index=\"8\" ><div\n\t\t\t\n\t\t\tclass=\"so-widget-sow-editor so-widget-sow-editor-base\"\n\t\t\t\n\t\t>\n<div class=\"siteorigin-widget-tinymce textwidget\">\n\t<h3>Parceiros, colaboradores e apoiadores<\/h3>\n<\/div>\n<\/div><\/div><\/div><\/div><div id=\"pg-234-4\"  class=\"panel-grid panel-no-style\" ><div id=\"pgc-234-4-0\"  class=\"panel-grid-cell\" ><div id=\"panel-234-4-0-0\" class=\"so-panel widget widget_sow-image panel-first-child panel-last-child\" data-index=\"9\" ><div\n\t\t\t\n\t\t\tclass=\"so-widget-sow-image so-widget-sow-image-default-8b5b6f678277-234\"\n\t\t\t\n\t\t>\n\n<div class=\"sow-image-container\">\n\t\t\t<a href=\"http:\/\/www.gran.com.br\/site\/\"\n\t\t\ttarget=\"_blank\" rel=\"noopener noreferrer\" \t\t>\n\t\t\t<img src=\"https:\/\/i0.wp.com\/djfreeway.com.br\/site\/wp-content\/uploads\/2017\/11\/parceiro1.jpg?fit=300%2C300&amp;ssl=1\" width=\"300\" height=\"300\" srcset=\"https:\/\/i0.wp.com\/djfreeway.com.br\/site\/wp-content\/uploads\/2017\/11\/parceiro1.jpg?w=300&amp;ssl=1 300w, https:\/\/i0.wp.com\/djfreeway.com.br\/site\/wp-content\/uploads\/2017\/11\/parceiro1.jpg?resize=150%2C150&amp;ssl=1 150w\" alt=\"\" loading=\"lazy\" \t\tclass=\"so-widget-image\"\/>\n\t<\/a><\/div>\n\n<\/div><\/div><\/div><div id=\"pgc-234-4-1\"  class=\"panel-grid-cell\" ><div id=\"panel-234-4-1-0\" class=\"so-panel widget widget_sow-image panel-first-child panel-last-child\" data-index=\"10\" ><div\n\t\t\t\n\t\t\tclass=\"so-widget-sow-image so-widget-sow-image-default-8b5b6f678277-234\"\n\t\t\t\n\t\t>\n\n<div class=\"sow-image-container\">\n\t\t\t<a href=\"http:\/\/www.nossoclube.com.br\/site\/\"\n\t\t\ttarget=\"_blank\" rel=\"noopener noreferrer\" \t\t>\n\t\t\t<img src=\"https:\/\/i0.wp.com\/djfreeway.com.br\/site\/wp-content\/uploads\/2017\/11\/parceiro2.jpg?fit=300%2C300&amp;ssl=1\" width=\"300\" height=\"300\" srcset=\"https:\/\/i0.wp.com\/djfreeway.com.br\/site\/wp-content\/uploads\/2017\/11\/parceiro2.jpg?w=300&amp;ssl=1 300w, https:\/\/i0.wp.com\/djfreeway.com.br\/site\/wp-content\/uploads\/2017\/11\/parceiro2.jpg?resize=150%2C150&amp;ssl=1 150w\" alt=\"\" loading=\"lazy\" \t\tclass=\"so-widget-image\"\/>\n\t<\/a><\/div>\n\n<\/div><\/div><\/div><div id=\"pgc-234-4-2\"  class=\"panel-grid-cell\" ><div id=\"panel-234-4-2-0\" class=\"so-panel widget widget_sow-image panel-first-child panel-last-child\" data-index=\"11\" ><div\n\t\t\t\n\t\t\tclass=\"so-widget-sow-image so-widget-sow-image-default-8b5b6f678277-234\"\n\t\t\t\n\t\t>\n\n<div class=\"sow-image-container\">\n\t\t\t<a href=\"http:\/\/www.sorveteslordello.com.br\/\"\n\t\t\ttarget=\"_blank\" rel=\"noopener noreferrer\" \t\t>\n\t\t\t<img src=\"https:\/\/i0.wp.com\/djfreeway.com.br\/site\/wp-content\/uploads\/2017\/11\/parceiro3.jpg?fit=300%2C300&amp;ssl=1\" width=\"300\" height=\"300\" srcset=\"https:\/\/i0.wp.com\/djfreeway.com.br\/site\/wp-content\/uploads\/2017\/11\/parceiro3.jpg?w=300&amp;ssl=1 300w, https:\/\/i0.wp.com\/djfreeway.com.br\/site\/wp-content\/uploads\/2017\/11\/parceiro3.jpg?resize=150%2C150&amp;ssl=1 150w\" alt=\"\" loading=\"lazy\" \t\tclass=\"so-widget-image\"\/>\n\t<\/a><\/div>\n\n<\/div><\/div><\/div><div id=\"pgc-234-4-3\"  class=\"panel-grid-cell\" ><div id=\"panel-234-4-3-0\" class=\"so-panel widget widget_sow-image panel-first-child panel-last-child\" data-index=\"12\" ><div\n\t\t\t\n\t\t\tclass=\"so-widget-sow-image so-widget-sow-image-default-8b5b6f678277-234\"\n\t\t\t\n\t\t>\n\n<div class=\"sow-image-container\">\n\t\t\t<a href=\"http:\/\/www.dauras.com.br\/\"\n\t\t\ttarget=\"_blank\" rel=\"noopener noreferrer\" \t\t>\n\t\t\t<img src=\"https:\/\/i0.wp.com\/djfreeway.com.br\/site\/wp-content\/uploads\/2017\/11\/parceiro4.jpg?fit=300%2C300&amp;ssl=1\" width=\"300\" height=\"300\" srcset=\"https:\/\/i0.wp.com\/djfreeway.com.br\/site\/wp-content\/uploads\/2017\/11\/parceiro4.jpg?w=300&amp;ssl=1 300w, https:\/\/i0.wp.com\/djfreeway.com.br\/site\/wp-content\/uploads\/2017\/11\/parceiro4.jpg?resize=150%2C150&amp;ssl=1 150w\" alt=\"\" loading=\"lazy\" \t\tclass=\"so-widget-image\"\/>\n\t<\/a><\/div>\n\n<\/div><\/div><\/div><div id=\"pgc-234-4-4\"  class=\"panel-grid-cell\" ><div id=\"panel-234-4-4-0\" class=\"so-panel widget widget_sow-image panel-first-child panel-last-child\" data-index=\"13\" ><div\n\t\t\t\n\t\t\tclass=\"so-widget-sow-image so-widget-sow-image-default-8b5b6f678277-234\"\n\t\t\t\n\t\t>\n\n<div class=\"sow-image-container\">\n\t\t\t<a href=\"https:\/\/www.facebook.com\/acaidavillalimeira\/\"\n\t\t\ttarget=\"_blank\" rel=\"noopener noreferrer\" \t\t>\n\t\t\t<img alt=\"\" loading=\"lazy\" \t\tclass=\"so-widget-image\"\/>\n\t<\/a><\/div>\n\n<\/div><\/div><\/div><div id=\"pgc-234-4-5\"  class=\"panel-grid-cell\" ><div id=\"panel-234-4-5-0\" class=\"so-panel widget widget_sow-image panel-first-child panel-last-child\" data-index=\"14\" ><div\n\t\t\t\n\t\t\tclass=\"so-widget-sow-image so-widget-sow-image-default-8b5b6f678277-234\"\n\t\t\t\n\t\t>\n\n<div class=\"sow-image-container\">\n\t\t\t<a href=\"http:\/\/popinmoving.com.br\/\"\n\t\t\ttarget=\"_blank\" rel=\"noopener noreferrer\" \t\t>\n\t\t\t<img src=\"https:\/\/i0.wp.com\/djfreeway.com.br\/site\/wp-content\/uploads\/2017\/11\/parceiro6.jpg?fit=300%2C300&amp;ssl=1\" width=\"300\" height=\"300\" srcset=\"https:\/\/i0.wp.com\/djfreeway.com.br\/site\/wp-content\/uploads\/2017\/11\/parceiro6.jpg?w=300&amp;ssl=1 300w, https:\/\/i0.wp.com\/djfreeway.com.br\/site\/wp-content\/uploads\/2017\/11\/parceiro6.jpg?resize=150%2C150&amp;ssl=1 150w\" alt=\"\" loading=\"lazy\" \t\tclass=\"so-widget-image\"\/>\n\t<\/a><\/div>\n\n<\/div><\/div><\/div><div id=\"pgc-234-4-6\"  class=\"panel-grid-cell\" ><div id=\"panel-234-4-6-0\" class=\"so-panel widget widget_sow-image panel-first-child panel-last-child\" data-index=\"15\" ><div\n\t\t\t\n\t\t\tclass=\"so-widget-sow-image so-widget-sow-image-default-8b5b6f678277-234\"\n\t\t\t\n\t\t>\n\n<div class=\"sow-image-container\">\n\t\t\t<a href=\"https:\/\/www.facebook.com\/profile.php?id=100008684254922\"\n\t\t\ttarget=\"_blank\" rel=\"noopener noreferrer\" \t\t>\n\t\t\t<img src=\"https:\/\/i0.wp.com\/djfreeway.com.br\/site\/wp-content\/uploads\/2017\/11\/parceiro7.jpg?fit=300%2C300&amp;ssl=1\" width=\"300\" height=\"300\" srcset=\"https:\/\/i0.wp.com\/djfreeway.com.br\/site\/wp-content\/uploads\/2017\/11\/parceiro7.jpg?w=300&amp;ssl=1 300w, https:\/\/i0.wp.com\/djfreeway.com.br\/site\/wp-content\/uploads\/2017\/11\/parceiro7.jpg?resize=150%2C150&amp;ssl=1 150w\" alt=\"\" loading=\"lazy\" \t\tclass=\"so-widget-image\"\/>\n\t<\/a><\/div>\n\n<\/div><\/div><\/div><\/div><\/div>","protected":false},"excerpt":{"rendered":"<p>Colaboradores de diversos perfis profissionais comp\u00f5em o time que faz de seu festa um grande evento. Conhe\u00e7a o &#8220;DJ Freeway Team&#8221; DJ Edson Carvalho Arte finalista respons\u00e1vel pelo design gr\u00e1fico dos &#8220;e-flyers&#8221; (folhetos eletr\u00f4nicos em redes sociais e todo material de divulga\u00e7\u00e3o impresso para os eventos corporativos DJ Freeway). DJ assistente com performances, em parceria [&hellip;]<\/p>\n","protected":false},"author":1,"featured_media":0,"parent":0,"menu_order":0,"comment_status":"closed","ping_status":"closed","template":"","meta":{"_mi_skip_tracking":false,"_exactmetrics_sitenote_active":false,"_exactmetrics_sitenote_note":"","_exactmetrics_sitenote_category":0,"ngg_post_thumbnail":0,"jetpack_post_was_ever_published":false},"jetpack_sharing_enabled":true,"jetpack_shortlink":"https:\/\/wp.me\/P9o2yc-3M","jetpack_likes_enabled":true,"jetpack-related-posts":[],"_links":{"self":[{"href":"https:\/\/djfreeway.com.br\/site\/wp-json\/wp\/v2\/pages\/234"}],"collection":[{"href":"https:\/\/djfreeway.com.br\/site\/wp-json\/wp\/v2\/pages"}],"about":[{"href":"https:\/\/djfreeway.com.br\/site\/wp-json\/wp\/v2\/types\/page"}],"author":[{"embeddable":true,"href":"https:\/\/djfreeway.com.br\/site\/wp-json\/wp\/v2\/users\/1"}],"replies":[{"embeddable":true,"href":"https:\/\/djfreeway.com.br\/site\/wp-json\/wp\/v2\/comments?post=234"}],"version-history":[{"count":31,"href":"https:\/\/djfreeway.com.br\/site\/wp-json\/wp\/v2\/pages\/234\/revisions"}],"predecessor-version":[{"id":2496,"href":"https:\/\/djfreeway.com.br\/site\/wp-json\/wp\/v2\/pages\/234\/revisions\/2496"}],"wp:attachment":[{"href":"https:\/\/djfreeway.com.br\/site\/wp-json\/wp\/v2\/media?parent=234"}],"curies":[{"name":"wp","href":"https:\/\/api.w.org\/{rel}","templated":true}]}}